{"id":406,"date":"2016-03-21T07:36:56","date_gmt":"2016-03-21T07:36:56","guid":{"rendered":"http:\/\/okthemes.com\/villenoirdemo\/?page_id=406"},"modified":"2024-03-28T21:23:02","modified_gmt":"2024-03-28T19:23:02","slug":"nasa-vina","status":"publish","type":"page","link":"https:\/\/trasko.rs\/en\/nasa-vina\/","title":{"rendered":"Na\u0161a vina"},"content":{"rendered":"<div data-vc-full-width=\"true\" data-vc-full-width-init=\"false\" class=\"vc_row wpb_row vc_row-fluid vc_custom_1458552690761 vc_row-has-fill\"><div class=\"wpb_column vc_column_container vc_col-sm-12\"><div class=\"vc_column-inner\"><div class=\"wpb_wrapper\"><div class=\"vc_row wpb_row vc_inner vc_row-fluid vc_row-o-content-middle vc_row-flex\"><div class=\"wpb_column vc_column_container vc_col-sm-7 vc_col-lg-8 vc_col-md-8\"><div class=\"vc_column-inner\"><div class=\"wpb_wrapper\">\n\t<div  class=\"wpb_single_image wpb_content_element vc_align_center  vc_custom_1709582198087\">\n\t\t\n\t\t<figure class=\"wpb_wrapper vc_figure\">\n\t\t\t<div class=\"vc_single_image-wrapper   vc_box_border_grey\"><img loading=\"lazy\" decoding=\"async\" width=\"394\" height=\"1024\" src=\"https:\/\/trasko.rs\/wp-content\/uploads\/2024\/03\/Sabernet-sau-075-394x1024.png\" class=\"vc_single_image-img attachment-large\" alt=\"\" title=\"Sabernet-sau-075\" srcset=\"https:\/\/trasko.rs\/wp-content\/uploads\/2024\/03\/Sabernet-sau-075-394x1024.png 394w, https:\/\/trasko.rs\/wp-content\/uploads\/2024\/03\/Sabernet-sau-075-115x300.png 115w, https:\/\/trasko.rs\/wp-content\/uploads\/2024\/03\/Sabernet-sau-075-5x12.png 5w, https:\/\/trasko.rs\/wp-content\/uploads\/2024\/03\/Sabernet-sau-075.png 500w\" sizes=\"auto, (max-width: 394px) 100vw, 394px\" \/><\/div>\n\t\t<\/figure>\n\t<\/div>\n<\/div><\/div><\/div><div class=\"wpb_column vc_column_container vc_col-sm-5 vc_col-lg-4 vc_col-md-4 vc_col-has-fill\"><div class=\"vc_column-inner vc_custom_1460372155757\"><div class=\"wpb_wrapper\">\n\t<div class=\"title-subtitle-box\" style=\" text-align: left;\">\n\t\t<p  style=\"\">TRA\u0160KO<\/p>\n\t\t<h2 style=\" font-style: normal;\">Fabulous Cabernet Sauvignon<\/h2>\n\t<\/div> \n\t<div class=\"gg_list list_style_line\">\n<ul>\n<li>100% Cabernet Sauvignon<\/li>\n<li>Defini\u0161e ga gusta rubin crvena boja. Intenzivan, slo\u017een na nosu. Dominiraju arome kafa, crne \u010dokolade, zrele tre\u0161nje. Sna\u017eno na nepcu, sa lepo izbalansiranom, so\u010dnom strukturom.<\/li>\n<li>1.440,00 RSD<\/li>\n<\/ul>\n<\/div><div class=\"vc_btn3-container vc_btn3-inline vc_custom_1709998489888\" ><a style=\"background-color:#000000; color:#ffffff;\" class=\"vc_general vc_btn3 vc_btn3-size-md vc_btn3-shape-square vc_btn3-style-custom\" href=\"https:\/\/trasko.rs\/wp-content\/uploads\/2024\/03\/Cabernet-Sauvignon-2021-list.pdf\" title=\"\" target=\"_blank\">Opis vina<\/a><\/div><\/div><\/div><\/div><\/div><div class=\"vc_row wpb_row vc_inner vc_row-fluid vc_custom_1710001772609 vc_row-has-fill\"><div class=\"wpb_column vc_column_container vc_col-sm-4\"><div class=\"vc_column-inner\"><div class=\"wpb_wrapper\">\n\t<div class=\"counter-holder media\" style=\"text-align:center;   \">\n\t\t\t<div class=\"counter-content media-body\">\n\t\t\t\t<span style=\" font-size:60px; color:#ffffff;\" class=\"counter\" data-number=\"2021\" data-interval=\"100\" data-speed=\"1500\">2021<\/span>\n\t\t\t\t<p >Berba<\/p>\n\t\t\t<\/div>\n\t<\/div> <\/div><\/div><\/div><div class=\"wpb_column vc_column_container vc_col-sm-4\"><div class=\"vc_column-inner\"><div class=\"wpb_wrapper\">\n\t<div class=\"counter-holder media\" style=\"text-align:center;   \">\n\t\t\t<div class=\"counter-content media-body\">\n\t\t\t\t<span style=\" font-size:60px; color:#ffffff;\" class=\"counter\" data-number=\"14\" data-interval=\"100\" data-speed=\"1500\">14<\/span>\n\t\t\t\t<p >Alkohol %<\/p>\n\t\t\t<\/div>\n\t<\/div> <\/div><\/div><\/div><div class=\"wpb_column vc_column_container vc_col-sm-4\"><div class=\"vc_column-inner\"><div class=\"wpb_wrapper\">\n\t<div class=\"counter-holder media\" style=\"text-align:center;   \">\n\t\t\t<div class=\"counter-content media-body\">\n\t\t\t\t<span style=\" font-size:60px; color:#ffffff;\" class=\"counter\" data-number=\"750\" data-interval=\"100\" data-speed=\"1500\">750<\/span>\n\t\t\t\t<p >Litra\u017ea ml<\/p>\n\t\t\t<\/div>\n\t<\/div> <\/div><\/div><\/div><\/div><div class=\"vc_row wpb_row vc_inner vc_row-fluid vc_custom_1635507319059 vc_row-o-content-middle vc_row-flex\"><div class=\"wpb_column vc_column_container vc_col-sm-5 vc_col-lg-4 vc_col-md-4 vc_col-has-fill\"><div class=\"vc_column-inner vc_custom_1460372168380\"><div class=\"wpb_wrapper\">\n\t<div class=\"title-subtitle-box\" style=\" text-align: left;\">\n\t\t<p  style=\"\">TRA\u0160KO<\/p>\n\t\t<h2 style=\" font-style: normal;\">Competition Fabulous Cabernet Franc<\/h2>\n\t<\/div> \n\t<div class=\"gg_list list_style_line\">\n<ul>\n<li>100% Cabernet Franc<\/li>\n<li>Intenzivna rubin crvena boja sa ljubi\u010dastim odsjajima. Koncentrisani, tamni buket bobica, podstaknut izuzetno zavodljivim nijansama pr\u017eenih aroma kao \u0161to su kafa i crna \u010dokolada. Veoma izra\u017eajan i pun karakter<\/li>\n<li>1.500,00 RSD<\/li>\n<\/ul>\n<\/div><div class=\"vc_btn3-container vc_btn3-inline vc_custom_1709998929165\" ><a style=\"background-color:#0a0606; color:#ffffff;\" class=\"vc_general vc_btn3 vc_btn3-size-md vc_btn3-shape-square vc_btn3-style-custom\" href=\"https:\/\/trasko.rs\/wp-content\/uploads\/2024\/03\/Cabernet-Frank-2021-list.pdf\" title=\"\" target=\"_blank\">Opis vina<\/a><\/div><\/div><\/div><\/div><div class=\"wpb_column vc_column_container vc_col-sm-7 vc_col-lg-8 vc_col-md-8\"><div class=\"vc_column-inner\"><div class=\"wpb_wrapper\">\n\t<div  class=\"wpb_single_image wpb_content_element vc_align_center  vc_custom_1709582499747  gg-display-inline\">\n\t\t\n\t\t<figure class=\"wpb_wrapper vc_figure\">\n\t\t\t<div class=\"vc_single_image-wrapper   vc_box_border_grey\"><img loading=\"lazy\" decoding=\"async\" width=\"394\" height=\"1024\" src=\"https:\/\/trasko.rs\/wp-content\/uploads\/2024\/03\/Sabernet-fra-075-394x1024.png\" class=\"vc_single_image-img attachment-large\" alt=\"\" title=\"Sabernet-fra-075\" srcset=\"https:\/\/trasko.rs\/wp-content\/uploads\/2024\/03\/Sabernet-fra-075-394x1024.png 394w, https:\/\/trasko.rs\/wp-content\/uploads\/2024\/03\/Sabernet-fra-075-115x300.png 115w, https:\/\/trasko.rs\/wp-content\/uploads\/2024\/03\/Sabernet-fra-075-5x12.png 5w, https:\/\/trasko.rs\/wp-content\/uploads\/2024\/03\/Sabernet-fra-075.png 500w\" sizes=\"auto, (max-width: 394px) 100vw, 394px\" \/><\/div>\n\t\t<\/figure>\n\t<\/div>\n<\/div><\/div><\/div><\/div><div class=\"vc_row wpb_row vc_inner vc_row-fluid vc_custom_1710001754825 vc_row-has-fill\"><div class=\"wpb_column vc_column_container vc_col-sm-4\"><div class=\"vc_column-inner\"><div class=\"wpb_wrapper\">\n\t<div class=\"counter-holder media\" style=\"text-align:center;   \">\n\t\t\t<div class=\"counter-content media-body\">\n\t\t\t\t<span style=\" font-size:60px; color:#ffffff;\" class=\"counter\" data-number=\"2021\" data-interval=\"100\" data-speed=\"1500\">2021<\/span>\n\t\t\t\t<p style=\"color:#ffffff\">Berba<\/p>\n\t\t\t<\/div>\n\t<\/div> <\/div><\/div><\/div><div class=\"wpb_column vc_column_container vc_col-sm-4\"><div class=\"vc_column-inner\"><div class=\"wpb_wrapper\">\n\t<div class=\"counter-holder media\" style=\"text-align:center;   \">\n\t\t\t<div class=\"counter-content media-body\">\n\t\t\t\t<span style=\" font-size:60px; color:#ffffff;\" class=\"counter\" data-number=\"14\" data-interval=\"100\" data-speed=\"1500\">14<\/span>\n\t\t\t\t<p style=\"color:#ffffff\">Alkohol %<\/p>\n\t\t\t<\/div>\n\t<\/div> <\/div><\/div><\/div><div class=\"wpb_column vc_column_container vc_col-sm-4\"><div class=\"vc_column-inner\"><div class=\"wpb_wrapper\">\n\t<div class=\"counter-holder media\" style=\"text-align:center;   \">\n\t\t\t<div class=\"counter-content media-body\">\n\t\t\t\t<span style=\" font-size:60px; color:#ffffff;\" class=\"counter\" data-number=\"750\" data-interval=\"100\" data-speed=\"1500\">750<\/span>\n\t\t\t\t<p style=\"color:#ffffff\">Litra\u017ea ml<\/p>\n\t\t\t<\/div>\n\t<\/div> <\/div><\/div><\/div><\/div><div class=\"vc_row wpb_row vc_inner vc_row-fluid vc_row-o-content-middle vc_row-flex\"><div class=\"wpb_column vc_column_container vc_col-sm-7 vc_col-lg-8 vc_col-md-8\"><div class=\"vc_column-inner\"><div class=\"wpb_wrapper\">\n\t<div  class=\"wpb_single_image wpb_content_element vc_align_center  vc_custom_1709583477922\">\n\t\t\n\t\t<figure class=\"wpb_wrapper vc_figure\">\n\t\t\t<div class=\"vc_single_image-wrapper   vc_box_border_grey\"><img loading=\"lazy\" decoding=\"async\" width=\"394\" height=\"1024\" src=\"https:\/\/trasko.rs\/wp-content\/uploads\/2024\/03\/bagrina-075-394x1024.png\" class=\"vc_single_image-img attachment-large\" alt=\"\" title=\"bagrina-075\" srcset=\"https:\/\/trasko.rs\/wp-content\/uploads\/2024\/03\/bagrina-075-394x1024.png 394w, https:\/\/trasko.rs\/wp-content\/uploads\/2024\/03\/bagrina-075-115x300.png 115w, https:\/\/trasko.rs\/wp-content\/uploads\/2024\/03\/bagrina-075-5x12.png 5w, https:\/\/trasko.rs\/wp-content\/uploads\/2024\/03\/bagrina-075.png 500w\" sizes=\"auto, (max-width: 394px) 100vw, 394px\" \/><\/div>\n\t\t<\/figure>\n\t<\/div>\n<\/div><\/div><\/div><div class=\"wpb_column vc_column_container vc_col-sm-5 vc_col-lg-4 vc_col-md-4 vc_col-has-fill\"><div class=\"vc_column-inner vc_custom_1460372155757\"><div class=\"wpb_wrapper\">\n\t<div class=\"title-subtitle-box\" style=\" text-align: left;\">\n\t\t<p  style=\"\">TRA\u0160KO<\/p>\n\t\t<h2 style=\" font-style: normal;\">Bagrina Edici\u00f3n Limitada<\/h2>\n\t<\/div> \n\t<div class=\"gg_list list_style_line\">\n<ul>\n<li>100% Bagrina<\/li>\n<li>Ova stara sorta gro\u017e\u0111a gotovo zaboravljena, vra\u0107a se u punom svetlu na presto premijum belih vina Isto\u010dne Srbije. Vino je svetlo \u017eute slamkaste boje, na nepcima lepr\u0161avo, kremasto i lagano, te pru\u017ea neponovljiv ukus koji \u0107e retko koga ostaviti ravnodu\u0161nim. Dominiraju vo\u0107ne note pome\u0161ane sa mineralnom zavr\u0161nicom.<\/li>\n<li>2.388,00 RSD<\/li>\n<\/ul>\n<\/div><div class=\"vc_btn3-container vc_btn3-inline vc_custom_1709999955282\" ><a style=\"background-color:#000000; color:#ffffff;\" class=\"vc_general vc_btn3 vc_btn3-size-md vc_btn3-shape-square vc_btn3-style-custom\" href=\"https:\/\/trasko.rs\/wp-content\/uploads\/2024\/03\/Bagrina-2022-list.pdf\" title=\"\" target=\"_blank\">Opis vina<\/a><\/div><\/div><\/div><\/div><\/div><div class=\"vc_row wpb_row vc_inner vc_row-fluid vc_custom_1710001792976 vc_row-has-fill\"><div class=\"wpb_column vc_column_container vc_col-sm-4\"><div class=\"vc_column-inner\"><div class=\"wpb_wrapper\">\n\t<div class=\"counter-holder media\" style=\"text-align:center;   \">\n\t\t\t<div class=\"counter-content media-body\">\n\t\t\t\t<span style=\" font-size:60px; color:#ffffff;\" class=\"counter\" data-number=\"2022\" data-interval=\"100\" data-speed=\"1500\">2022<\/span>\n\t\t\t\t<p style=\"color:#ffffff\">Berba<\/p>\n\t\t\t<\/div>\n\t<\/div> <\/div><\/div><\/div><div class=\"wpb_column vc_column_container vc_col-sm-4\"><div class=\"vc_column-inner\"><div class=\"wpb_wrapper\">\n\t<div class=\"counter-holder media\" style=\"text-align:center;   \">\n\t\t\t<div class=\"counter-content media-body\">\n\t\t\t\t<span style=\" font-size:60px; color:#ffffff;\" class=\"counter\" data-number=\"12\" data-interval=\"100\" data-speed=\"1500\">12<\/span>\n\t\t\t\t<p style=\"color:#ffffff\">Alkohol %<\/p>\n\t\t\t<\/div>\n\t<\/div> <\/div><\/div><\/div><div class=\"wpb_column vc_column_container vc_col-sm-4\"><div class=\"vc_column-inner\"><div class=\"wpb_wrapper\">\n\t<div class=\"counter-holder media\" style=\"text-align:center;   \">\n\t\t\t<div class=\"counter-content media-body\">\n\t\t\t\t<span style=\" font-size:60px; color:#ffffff;\" class=\"counter\" data-number=\"750\" data-interval=\"100\" data-speed=\"1500\">750<\/span>\n\t\t\t\t<p style=\"color:#ffffff\">Litra\u017ea ml<\/p>\n\t\t\t<\/div>\n\t<\/div> <\/div><\/div><\/div><\/div><div class=\"vc_row wpb_row vc_inner vc_row-fluid vc_custom_1635507319059 vc_row-o-content-middle vc_row-flex\"><div class=\"wpb_column vc_column_container vc_col-sm-5 vc_col-lg-4 vc_col-md-4 vc_col-has-fill\"><div class=\"vc_column-inner vc_custom_1460372168380\"><div class=\"wpb_wrapper\">\n\t<div class=\"title-subtitle-box\" style=\" text-align: left;\">\n\t\t<p  style=\"\">TRA\u0160KO MAGNUM<\/p>\n\t\t<h2 style=\" font-style: normal;\">Fabulous Cabernet Sauvignon Magnum<\/h2>\n\t<\/div> \n\t<div class=\"gg_list list_style_line\">\n<ul>\n<li>100% Cabernet Sauvignon<\/li>\n<li>Defini\u0161e ga gusta rubin crvena boja. Intenzivan, slo\u017een na nosu. Dominiraju arome kafa, crne \u010dokolade, zrele tre\u0161nje. Sna\u017eno na nepcu, sa lepo izbalansiranom, so\u010dnom strukturom.<\/li>\n<li>3.600,00 RSD<\/li>\n<\/ul>\n<\/div><div class=\"vc_btn3-container vc_btn3-inline vc_custom_1710001890232\" ><a style=\"background-color:#0a0606; color:#ffffff;\" class=\"vc_general vc_btn3 vc_btn3-size-md vc_btn3-shape-square vc_btn3-style-custom\" href=\"https:\/\/trasko.rs\/wp-content\/uploads\/2024\/03\/Cabernet-Sauvignon-2021-list.pdf\" title=\"\" target=\"_blank\">Opis vina<\/a><\/div><\/div><\/div><\/div><div class=\"wpb_column vc_column_container vc_col-sm-7 vc_col-lg-8 vc_col-md-8\"><div class=\"vc_column-inner\"><div class=\"wpb_wrapper\">\n\t<div  class=\"wpb_single_image wpb_content_element vc_align_center  vc_custom_1711651794538  gg-display-inline\">\n\t\t\n\t\t<figure class=\"wpb_wrapper vc_figure\">\n\t\t\t<div class=\"vc_single_image-wrapper   vc_box_border_grey\"><img loading=\"lazy\" decoding=\"async\" width=\"394\" height=\"1024\" src=\"https:\/\/trasko.rs\/wp-content\/uploads\/2024\/03\/15l-vino-394x1024.png\" class=\"vc_single_image-img attachment-large\" alt=\"\" title=\"1,5l-vino\" srcset=\"https:\/\/trasko.rs\/wp-content\/uploads\/2024\/03\/15l-vino-394x1024.png 394w, https:\/\/trasko.rs\/wp-content\/uploads\/2024\/03\/15l-vino-115x300.png 115w, https:\/\/trasko.rs\/wp-content\/uploads\/2024\/03\/15l-vino-5x12.png 5w, https:\/\/trasko.rs\/wp-content\/uploads\/2024\/03\/15l-vino.png 500w\" sizes=\"auto, (max-width: 394px) 100vw, 394px\" \/><\/div>\n\t\t<\/figure>\n\t<\/div>\n<\/div><\/div><\/div><\/div><div class=\"vc_row wpb_row vc_inner vc_row-fluid vc_custom_1710001809691 vc_row-has-fill\"><div class=\"wpb_column vc_column_container vc_col-sm-4\"><div class=\"vc_column-inner\"><div class=\"wpb_wrapper\">\n\t<div class=\"counter-holder media\" style=\"text-align:center;   \">\n\t\t\t<div class=\"counter-content media-body\">\n\t\t\t\t<span style=\" font-size:60px; color:#ffffff;\" class=\"counter\" data-number=\"2021\" data-interval=\"100\" data-speed=\"1500\">2021<\/span>\n\t\t\t\t<p style=\"color:#ffffff\">Berba<\/p>\n\t\t\t<\/div>\n\t<\/div> <\/div><\/div><\/div><div class=\"wpb_column vc_column_container vc_col-sm-4\"><div class=\"vc_column-inner\"><div class=\"wpb_wrapper\">\n\t<div class=\"counter-holder media\" style=\"text-align:center;   \">\n\t\t\t<div class=\"counter-content media-body\">\n\t\t\t\t<span style=\" font-size:60px; color:#ffffff;\" class=\"counter\" data-number=\"14\" data-interval=\"100\" data-speed=\"1500\">14<\/span>\n\t\t\t\t<p style=\"color:#ffffff\">Alkohol %<\/p>\n\t\t\t<\/div>\n\t<\/div> <\/div><\/div><\/div><div class=\"wpb_column vc_column_container vc_col-sm-4\"><div class=\"vc_column-inner\"><div class=\"wpb_wrapper\">\n\t<div class=\"counter-holder media\" style=\"text-align:center;   \">\n\t\t\t<div class=\"counter-content media-body\">\n\t\t\t\t<span style=\" font-size:60px; color:#ffffff;\" class=\"counter\" data-number=\"1500\" data-interval=\"100\" data-speed=\"1500\">1500<\/span>\n\t\t\t\t<p style=\"color:#ffffff\">Litra\u017ea ml<\/p>\n\t\t\t<\/div>\n\t<\/div> <\/div><\/div><\/div><\/div><div class=\"vc_row wpb_row vc_inner vc_row-fluid vc_row-o-content-middle vc_row-flex\"><div class=\"wpb_column vc_column_container vc_col-sm-7 vc_col-lg-8 vc_col-md-8\"><div class=\"vc_column-inner\"><div class=\"wpb_wrapper\">\n\t<div  class=\"wpb_single_image wpb_content_element vc_align_center  vc_custom_1710001372740\">\n\t\t\n\t\t<figure class=\"wpb_wrapper vc_figure\">\n\t\t\t<div class=\"vc_single_image-wrapper   vc_box_border_grey\"><img loading=\"lazy\" decoding=\"async\" width=\"394\" height=\"1024\" src=\"https:\/\/trasko.rs\/wp-content\/uploads\/2024\/03\/Sabernet-sau-3-394x1024.png\" class=\"vc_single_image-img attachment-large\" alt=\"\" title=\"Sabernet-sau-3\" srcset=\"https:\/\/trasko.rs\/wp-content\/uploads\/2024\/03\/Sabernet-sau-3-394x1024.png 394w, https:\/\/trasko.rs\/wp-content\/uploads\/2024\/03\/Sabernet-sau-3-115x300.png 115w, https:\/\/trasko.rs\/wp-content\/uploads\/2024\/03\/Sabernet-sau-3-5x12.png 5w, https:\/\/trasko.rs\/wp-content\/uploads\/2024\/03\/Sabernet-sau-3.png 500w\" sizes=\"auto, (max-width: 394px) 100vw, 394px\" \/><\/div>\n\t\t<\/figure>\n\t<\/div>\n<\/div><\/div><\/div><div class=\"wpb_column vc_column_container vc_col-sm-5 vc_col-lg-4 vc_col-md-4 vc_col-has-fill\"><div class=\"vc_column-inner vc_custom_1460372155757\"><div class=\"wpb_wrapper\">\n\t<div class=\"title-subtitle-box\" style=\" text-align: left;\">\n\t\t<p  style=\"\">TRA\u0160KO<\/p>\n\t\t<h2 style=\" font-style: normal;\">Fabulous Cabernet Sauvignon Dbl Magnum<\/h2>\n\t<\/div> \n\t<div class=\"gg_list list_style_line\">\n<ul>\n<li>100% Cabernet Sauvignon<\/li>\n<li>Defini\u0161e ga gusta rubin crvena boja. Intenzivan, slo\u017een na nosu. Dominiraju arome kafa, crne \u010dokolade, zrele tre\u0161nje. Sna\u017eno na nepcu, sa lepo izbalansiranom, so\u010dnom strukturom.<\/li>\n<li>7.200,00 RSD<\/li>\n<\/ul>\n<\/div><div class=\"vc_btn3-container vc_btn3-inline vc_custom_1710001910783\" ><a style=\"background-color:#000000; color:#ffffff;\" class=\"vc_general vc_btn3 vc_btn3-size-md vc_btn3-shape-square vc_btn3-style-custom\" href=\"https:\/\/trasko.rs\/wp-content\/uploads\/2024\/03\/Cabernet-Sauvignon-2021-list.pdf\" title=\"\" target=\"_blank\">Opis vina<\/a><\/div><\/div><\/div><\/div><\/div><div class=\"vc_row wpb_row vc_inner vc_row-fluid vc_custom_1710001835658 vc_row-has-fill\"><div class=\"wpb_column vc_column_container vc_col-sm-4\"><div class=\"vc_column-inner\"><div class=\"wpb_wrapper\">\n\t<div class=\"counter-holder media\" style=\"text-align:center;   \">\n\t\t\t<div class=\"counter-content media-body\">\n\t\t\t\t<span style=\" font-size:60px; color:#ffffff;\" class=\"counter\" data-number=\"2021\" data-interval=\"100\" data-speed=\"1500\">2021<\/span>\n\t\t\t\t<p style=\"color:#ffffff\">Berba<\/p>\n\t\t\t<\/div>\n\t<\/div> <\/div><\/div><\/div><div class=\"wpb_column vc_column_container vc_col-sm-4\"><div class=\"vc_column-inner\"><div class=\"wpb_wrapper\">\n\t<div class=\"counter-holder media\" style=\"text-align:center;   \">\n\t\t\t<div class=\"counter-content media-body\">\n\t\t\t\t<span style=\" font-size:60px; color:#ffffff;\" class=\"counter\" data-number=\"14\" data-interval=\"100\" data-speed=\"1500\">14<\/span>\n\t\t\t\t<p style=\"color:#ffffff\">Alkohol %<\/p>\n\t\t\t<\/div>\n\t<\/div> <\/div><\/div><\/div><div class=\"wpb_column vc_column_container vc_col-sm-4\"><div class=\"vc_column-inner\"><div class=\"wpb_wrapper\">\n\t<div class=\"counter-holder media\" style=\"text-align:center;   \">\n\t\t\t<div class=\"counter-content media-body\">\n\t\t\t\t<span style=\" font-size:60px; color:#ffffff;\" class=\"counter\" data-number=\"3000\" data-interval=\"100\" data-speed=\"1500\">3000<\/span>\n\t\t\t\t<p style=\"color:#ffffff\">Litra\u017ea ml<\/p>\n\t\t\t<\/div>\n\t<\/div> <\/div><\/div><\/div><\/div><\/div><\/div><\/div><\/div><div class=\"vc_row-full-width vc_clearfix\"><\/div><div data-vc-full-width=\"true\" data-vc-full-width-init=\"false\" class=\"vc_row wpb_row vc_row-fluid vc_custom_1469108176436 vc_row-has-fill\"><div class=\"wpb_column vc_column_container vc_col-sm-12\"><div class=\"vc_column-inner\"><div class=\"wpb_wrapper\"><section class=\"vc_cta3-container vc_cta3-size-lg\"><div class=\"vc_general vc_cta3 vc_cta3-style-custom vc_cta3-shape-square vc_cta3-align-center vc_cta3-icon-size-md vc_cta3-actions-bottom\" style=\"background-color:rgb(17,17,17);background-color:rgba(17,17,17,0.8);\"><div class=\"vc_cta3_content-container\"><div class=\"vc_cta3-content\"><header class=\"vc_cta3-content-header\"><h2 style=\"color:#ffffff;\">Na\u0161 podrum<\/h2><h4 style=\"color:#ffffff;\">Pa\u017eljivo pratimo proces ra\u0111anja na\u0161ih vina. Primenjujemo sve dostupne moderne tehnologije sa ciljem da dobijemo savr\u0161eno vino. Oslu\u0161kujemo ukuse modernih trendova sa ciljem da na\u0161e vino dopre na sam vrh.<\/h4><\/header><\/div><div class=\"vc_cta3-actions\"><div class=\"vc_btn3-container vc_btn3-center\" ><a style=\"background-color:#b0976d; color:#ffffff;\" class=\"vc_general vc_btn3 vc_btn3-size-md vc_btn3-shape-square vc_btn3-style-custom\" href=\"https:\/\/trasko.rs\/en\/gallery\/\" title=\"\">Pogledajte galeriju<\/a><\/div><\/div><\/div><\/div><\/section><\/div><\/div><\/div><\/div><div class=\"vc_row-full-width vc_clearfix\"><\/div>","protected":false},"excerpt":{"rendered":"TRA\u0160KO Fabulous Cabernet Sauvignon 100% Cabernet Sauvignon Defini\u0161e ga gusta rubin crvena boja. Intenzivan, slo\u017een na nosu. Dominiraju arome kafa, crne \u010dokolade, zrele tre\u0161nje. Sna\u017eno na nepcu, sa lepo izbalansiranom,<br class=\"read-more-spacer\"> <a class=\"more-link\" href=\"https:\/\/trasko.rs\/en\/nasa-vina\/\">Read More<\/a>","protected":false},"author":1,"featured_media":1520,"parent":0,"menu_order":0,"comment_status":"closed","ping_status":"closed","template":"","meta":{"om_disable_all_campaigns":false,"footnotes":""},"class_list":["post-406","page","type-page","status-publish","has-post-thumbnail","hentry"],"acf":[],"aioseo_notices":[],"_links":{"self":[{"href":"https:\/\/trasko.rs\/en\/wp-json\/wp\/v2\/pages\/406","targetHints":{"allow":["GET"]}}],"collection":[{"href":"https:\/\/trasko.rs\/en\/wp-json\/wp\/v2\/pages"}],"about":[{"href":"https:\/\/trasko.rs\/en\/wp-json\/wp\/v2\/types\/page"}],"author":[{"embeddable":true,"href":"https:\/\/trasko.rs\/en\/wp-json\/wp\/v2\/users\/1"}],"replies":[{"embeddable":true,"href":"https:\/\/trasko.rs\/en\/wp-json\/wp\/v2\/comments?post=406"}],"version-history":[{"count":40,"href":"https:\/\/trasko.rs\/en\/wp-json\/wp\/v2\/pages\/406\/revisions"}],"predecessor-version":[{"id":1617,"href":"https:\/\/trasko.rs\/en\/wp-json\/wp\/v2\/pages\/406\/revisions\/1617"}],"wp:featuredmedia":[{"embeddable":true,"href":"https:\/\/trasko.rs\/en\/wp-json\/wp\/v2\/media\/1520"}],"wp:attachment":[{"href":"https:\/\/trasko.rs\/en\/wp-json\/wp\/v2\/media?parent=406"}],"curies":[{"name":"wp","href":"https:\/\/api.w.org\/{rel}","templated":true}]}}